{"id":2209,"date":"2024-12-15T13:08:38","date_gmt":"2024-12-15T11:08:38","guid":{"rendered":"https:\/\/johannakirjavainen.fi\/?page_id=2209"},"modified":"2025-01-24T22:36:40","modified_gmt":"2025-01-24T20:36:40","slug":"aluevaaliteemat","status":"publish","type":"page","link":"https:\/\/johannakirjavainen.fi\/?page_id=2209","title":{"rendered":"Aluevaaliteemat"},"content":{"rendered":"\n<div class=\"wp-block-group is-layout-flow wp-container-core-group-is-layout-15eb98a8 wp-block-group-is-layout-flow\">\n<h2 class=\"wp-block-heading has-base-color has-text-color has-link-color wp-elements-b5ee279b6121d034f748b5257be7b462\" style=\"padding-top:var(--wp--preset--spacing--20);padding-bottom:var(--wp--preset--spacing--20)\"><strong>Lasten ja perheiden palvelut<\/strong><\/h2>\n\n\n\n<p>Perheiden tulee saada hyvinvointialueella oikea-aikaista ja laadukasta tukea.&nbsp;<\/p>\n\n\n\n<p><strong>Haluan edist\u00e4\u00e4:<\/strong><\/p>\n\n\n\n<ul class=\"wp-block-list\">\n<li>Neuvoloiden ja perhepalveluiden resursseja, jotta perheiden tarpeisiin voidaan vastata ennaltaehk\u00e4isev\u00e4sti ja joustavasti ja ongelmat eiv\u00e4t p\u00e4\u00e4se pahenemaan.<\/li>\n\n\n\n<li>Lastensuojelun ty\u00f6ntekij\u00f6iden jaksamista ja riitt\u00e4vi\u00e4 resursseja, jotta apua vaikeisiin tilanteisiin on saatavilla nopeasti ja vaikuttavasti.<\/li>\n\n\n\n<li>Nuorisoty\u00f6n resurssien turvaamista ja nuorisoty\u00f6n tavoittavuuden kasvattamista, jotta yh\u00e4 suuremmalla osalla nuorista olisi el\u00e4m\u00e4ss\u00e4\u00e4n turvallisia aikuisia ja turvallisia paikkoja, joissa viett\u00e4\u00e4 aikaa.<\/li>\n<\/ul>\n\n\n\n<p>Lasten ja nuorten hyvinvointi heijastuu koko yhteiskuntaan, ja siksi sen edist\u00e4minen on t\u00e4rke\u00e4\u00e4.<\/p>\n\n\n\n<h2 class=\"wp-block-heading has-base-color has-text-color has-link-color wp-elements-294127de3d1e8d05e9341de892f53d4e\" style=\"padding-top:var(--wp--preset--spacing--20);padding-bottom:var(--wp--preset--spacing--20)\"><strong>Mielenterveyspalvelut<\/strong><\/h2>\n\n\n\n<p>Mielenterveyden kriisi vaikuttaa t\u00e4ll\u00e4 hetkell\u00e4 liian moniin ja avunsaanti on vaikeaa.&nbsp;<\/p>\n\n\n\n<p><strong>Haluan edist\u00e4\u00e4:<\/strong><\/p>\n\n\n\n<ul class=\"wp-block-list\">\n<li>Terapiatakuun toteuttamista, jotta mielenterveysapua saa viiveett\u00e4 ja kynnys avun hakemiselle madaltuu.<\/li>\n\n\n\n<li>Matalan kynnyksen palveluita, kuten chat- ja kriisity\u00f6t\u00e4, jotka tavoittavat erityisesti nuoret ja muut haavoittuvassa asemassa olevat ryhm\u00e4t.<\/li>\n\n\n\n<li>Hoitohenkil\u00f6kunnan hyvinvointia, sill\u00e4 ty\u00f6ntekij\u00f6iden jaksaminen on avain laadukkaisiin mielenterveyspalveluihin.<\/li>\n<\/ul>\n\n\n\n<p>Jokainen ansaitsee saada apua silloin, kun sit\u00e4 tarvitsee, ilman viivett\u00e4 tai byrokratiaa.<\/p>\n\n\n\n<h2 class=\"wp-block-heading has-base-color has-text-color has-link-color wp-elements-35bc34d4d53849f59557ebf35bd9843f\" style=\"padding-top:var(--wp--preset--spacing--20);padding-bottom:var(--wp--preset--spacing--20)\"><strong>Eriarvoistumisen est\u00e4minen<\/strong><\/h2>\n\n\n\n<p>Jokainen ansaitsee laadukkaat ja saavutettavat palvelut asuinpaikasta, taustasta tai el\u00e4m\u00e4ntilanteesta riippumatta.&nbsp;<\/p>\n\n\n\n<p><strong>Haluan edist\u00e4\u00e4:<\/strong><\/p>\n\n\n\n<ul class=\"wp-block-list\">\n<li>Palveluiden alueellista tasa-arvoa, jotta asuinpaikka ei m\u00e4\u00e4rittele ihmisten p\u00e4\u00e4sy\u00e4 terveys-, mielenterveys- tai sosiaalipalveluihin. Kaikilla on oikeus saada apua oikea-aikaisesti ja riitt\u00e4v\u00e4n l\u00e4helt\u00e4.<\/li>\n\n\n\n<li>Haavoittuvassa asemassa olevien tukemista, kuten pitk\u00e4aikaisty\u00f6tt\u00f6m\u00e4t, yksinhuoltajat ja ik\u00e4\u00e4ntyneet. Tarvitsemme r\u00e4\u00e4t\u00e4l\u00f6ityj\u00e4 palveluita, jotka vastaavat n\u00e4iden ryhmien erityistarpeisiin.<\/li>\n\n\n\n<li>Yhdenvertaisia mahdollisuuksia kaikille, mik\u00e4 tarkoittaa esteett\u00f6mi\u00e4 palveluita ja syrjinn\u00e4n aktiivista torjuntaa esimerkiksi vammaisten, maahanmuuttajien ja v\u00e4hemmist\u00f6ryhmien osalta.<\/li>\n<\/ul>\n\n\n\n<p>Eriarvoisuuden v\u00e4hent\u00e4minen luo yhteis\u00f6llisyytt\u00e4 ja turvallisuutta ja vahvistaa alueemme hyvinvointia.<\/p>\n<\/div>\n","protected":false},"excerpt":{"rendered":"<p>Lasten ja perheiden palvelut Perheiden tulee saada hyvinvointialueella oikea-aikaista ja laadukasta tukea.&nbsp; Haluan edist\u00e4\u00e4: Lasten ja nuorten hyvinvointi heijastuu koko yhteiskuntaan, ja siksi sen edist\u00e4minen on t\u00e4rke\u00e4\u00e4. Mielenterveyspalvelut Mielenterveyden kriisi vaikuttaa t\u00e4ll\u00e4 hetkell\u00e4 liian moniin ja avunsaanti on vaikeaa.&nbsp; Haluan edist\u00e4\u00e4: Jokainen ansaitsee saada apua silloin, kun sit\u00e4 tarvitsee, ilman viivett\u00e4 tai byrokratiaa. Eriarvoistumisen est\u00e4minen&hellip;<\/p>\n","protected":false},"author":11,"featured_media":2182,"parent":0,"menu_order":0,"comment_status":"closed","ping_status":"closed","template":"wp-custom-template-sivu-harmaalla-taustalla","meta":{"footnotes":""},"class_list":["post-2209","page","type-page","status-publish","has-post-thumbnail","hentry"],"_links":{"self":[{"href":"https:\/\/johannakirjavainen.fi\/index.php?rest_route=\/wp\/v2\/pages\/2209","targetHints":{"allow":["GET"]}}],"collection":[{"href":"https:\/\/johannakirjavainen.fi\/index.php?rest_route=\/wp\/v2\/pages"}],"about":[{"href":"https:\/\/johannakirjavainen.fi\/index.php?rest_route=\/wp\/v2\/types\/page"}],"author":[{"embeddable":true,"href":"https:\/\/johannakirjavainen.fi\/index.php?rest_route=\/wp\/v2\/users\/11"}],"replies":[{"embeddable":true,"href":"https:\/\/johannakirjavainen.fi\/index.php?rest_route=%2Fwp%2Fv2%2Fcomments&post=2209"}],"version-history":[{"count":4,"href":"https:\/\/johannakirjavainen.fi\/index.php?rest_route=\/wp\/v2\/pages\/2209\/revisions"}],"predecessor-version":[{"id":2713,"href":"https:\/\/johannakirjavainen.fi\/index.php?rest_route=\/wp\/v2\/pages\/2209\/revisions\/2713"}],"wp:featuredmedia":[{"embeddable":true,"href":"https:\/\/johannakirjavainen.fi\/index.php?rest_route=\/wp\/v2\/media\/2182"}],"wp:attachment":[{"href":"https:\/\/johannakirjavainen.fi\/index.php?rest_route=%2Fwp%2Fv2%2Fmedia&parent=2209"}],"curies":[{"name":"wp","href":"https:\/\/api.w.org\/{rel}","templated":true}]}}